{"id":2318,"date":"2024-12-12T14:12:00","date_gmt":"2024-12-12T12:12:00","guid":{"rendered":"https:\/\/cosmoflag.com\/?post_type=product&#038;p=2318"},"modified":"2025-08-12T21:23:45","modified_gmt":"2025-08-12T19:23:45","slug":"lgbt-philadelphia-pride-flag","status":"publish","type":"product","link":"https:\/\/cosmoflag.com\/da\/produkt-2\/lgbt-philadelphia-pride-flag\/","title":{"rendered":"LGBT Philadelphia Pride-flag"},"content":{"rendered":"<h3>LGBT Philadelphia Pride-flagets funktioner<\/h3>\n<p>Vores LGBT Philadelphia Pride-flag er lavet af polyester i h\u00f8j kvalitet, hvilket g\u00f8r det ideelt til langvarig brug, uanset om det er indend\u00f8rs eller udend\u00f8rs. Det har metaltyller for nem montering og garanteret hold, selv under ugunstige vejrforhold. F\u00e5s i 90\u00d7150 cm\/35\u00d759 tommer for maksimal synlighed, og vores flag opfylder en r\u00e6kke forskellige behov, uanset om du vil vise det p\u00e5 en stang eller en v\u00e6g.<\/p>\n<p><strong>Et nationalt symbol gennemsyret af historie<\/strong><\/p>\n<p>LGBT Philadelphia Pride-flaget tilf\u00f8jer to striber, en sort og en brun, over de traditionelle seks regnbuefarver i LGBTQ+ Pride-flaget. Disse tilf\u00f8jelser blev lavet for at understrege mangfoldighed og inklusion, is\u00e6r i forhold til farvede mennesker i LGBTQ+-samfundet. Denne version af flaget blev introduceret i 2017 for at styrke synligheden af sorte og brune LGBTQ+-personer og bekr\u00e6fte forpligtelsen til at lytte til alle stemmer i samfundet.<\/p>\n<p><strong>Alsidig brug<\/strong><\/p>\n<p>Philadelphia Pride-flaget er ideelt til pride-parader, demonstrationer, kulturelle begivenheder eller som undervisningsredskab og er et st\u00e6rkt symbol p\u00e5 inklusion. Dets robuste design og falmebestandige farver sikrer, at flaget bevarer sin visuelle virkning og betydning over tid.<\/p>","protected":false},"excerpt":{"rendered":"<p>150 x 90 cm flag med 2 robuste metalgennemf\u00f8ringer til sikker oph\u00e6ngning.<\/p>","protected":false},"featured_media":1206,"comment_status":"open","ping_status":"closed","template":"","meta":{"_gspb_post_css":"","iawp_total_views":12},"product_brand":[],"product_cat":[57],"product_tag":[],"class_list":{"0":"post-2318","1":"product","2":"type-product","3":"status-publish","4":"has-post-thumbnail","6":"product_cat-lgbt-flags","8":"first","9":"instock","10":"sale","11":"shipping-taxable","12":"purchasable","13":"product-type-simple"},"_links":{"self":[{"href":"https:\/\/cosmoflag.com\/da\/wp-json\/wp\/v2\/product\/2318","targetHints":{"allow":["GET"]}}],"collection":[{"href":"https:\/\/cosmoflag.com\/da\/wp-json\/wp\/v2\/product"}],"about":[{"href":"https:\/\/cosmoflag.com\/da\/wp-json\/wp\/v2\/types\/product"}],"replies":[{"embeddable":true,"href":"https:\/\/cosmoflag.com\/da\/wp-json\/wp\/v2\/comments?post=2318"}],"wp:featuredmedia":[{"embeddable":true,"href":"https:\/\/cosmoflag.com\/da\/wp-json\/wp\/v2\/media\/1206"}],"wp:attachment":[{"href":"https:\/\/cosmoflag.com\/da\/wp-json\/wp\/v2\/media?parent=2318"}],"wp:term":[{"taxonomy":"product_brand","embeddable":true,"href":"https:\/\/cosmoflag.com\/da\/wp-json\/wp\/v2\/product_brand?post=2318"},{"taxonomy":"product_cat","embeddable":true,"href":"https:\/\/cosmoflag.com\/da\/wp-json\/wp\/v2\/product_cat?post=2318"},{"taxonomy":"product_tag","embeddable":true,"href":"https:\/\/cosmoflag.com\/da\/wp-json\/wp\/v2\/product_tag?post=2318"}],"curies":[{"name":"wp","href":"https:\/\/api.w.org\/{rel}","templated":true}]}}