{"id":2317,"date":"2024-12-12T14:05:00","date_gmt":"2024-12-12T12:05:00","guid":{"rendered":"https:\/\/cosmoflag.com\/?post_type=product&#038;p=2317"},"modified":"2025-08-12T21:23:45","modified_gmt":"2025-08-12T19:23:45","slug":"aseksuelt-flag","status":"publish","type":"product","link":"https:\/\/cosmoflag.com\/da\/produkt-2\/aseksuelt-flag\/","title":{"rendered":"Aseksuelt flag"},"content":{"rendered":"<h3>Aseksuelle flagfunktioner<\/h3>\n<p>Vores aseksuelle flag er lavet af polyester i h\u00f8j kvalitet, hvilket g\u00f8r det ideelt til langvarig brug, uanset om det er indend\u00f8rs eller udend\u00f8rs. Det har metaltyller for nem montering og garanteret hold, selv under ugunstige vejrforhold. F\u00e5s i 90\u00d7150 cm\/35\u00d759 tommer for maksimal synlighed, og vores flag opfylder en r\u00e6kke forskellige behov, uanset om du vil vise det p\u00e5 en stang eller en v\u00e6g.<\/p>\n<h3>Et nationalt symbol gennemsyret af historie<\/h3>\n<p>Det aseksuelle flag har fire vandrette striber: sort \u00f8verst, som repr\u00e6senterer aseksualitet; gr\u00e5 nederst, som symboliserer gr\u00e5zonen mellem aseksualitet og seksualitet; hvid, som repr\u00e6senterer seksualitet; og lilla nederst, som symboliserer f\u00e6llesskabet. Dette flag blev skabt for at give st\u00f8rre synlighed til det aseksuelle samfund og for at symbolisere inklusion og mangfoldighed inden for dette samfund.<\/p>\n<h3>Alsidig brug<\/h3>\n<p>Uanset om det er til pride-parader, f\u00e6llessamlinger, kulturelle begivenheder eller som uddannelsesv\u00e6rkt\u00f8j, er det aseksuelle flag perfekt egnet til alle disse lejligheder. Dets robuste design og falmebestandige farver sikrer, at flaget bevarer sin betydning og visuelle effekt over tid.<\/p>","protected":false},"excerpt":{"rendered":"<p>150 x 90 cm flag med 2 robuste metalgennemf\u00f8ringer til sikker oph\u00e6ngning.<\/p>","protected":false},"featured_media":978,"comment_status":"open","ping_status":"closed","template":"","meta":{"_gspb_post_css":"","iawp_total_views":11},"product_brand":[],"product_cat":[57],"product_tag":[],"class_list":{"0":"post-2317","1":"product","2":"type-product","3":"status-publish","4":"has-post-thumbnail","6":"product_cat-lgbt-flags","8":"first","9":"instock","10":"sale","11":"shipping-taxable","12":"purchasable","13":"product-type-simple"},"_links":{"self":[{"href":"https:\/\/cosmoflag.com\/da\/wp-json\/wp\/v2\/product\/2317","targetHints":{"allow":["GET"]}}],"collection":[{"href":"https:\/\/cosmoflag.com\/da\/wp-json\/wp\/v2\/product"}],"about":[{"href":"https:\/\/cosmoflag.com\/da\/wp-json\/wp\/v2\/types\/product"}],"replies":[{"embeddable":true,"href":"https:\/\/cosmoflag.com\/da\/wp-json\/wp\/v2\/comments?post=2317"}],"wp:featuredmedia":[{"embeddable":true,"href":"https:\/\/cosmoflag.com\/da\/wp-json\/wp\/v2\/media\/978"}],"wp:attachment":[{"href":"https:\/\/cosmoflag.com\/da\/wp-json\/wp\/v2\/media?parent=2317"}],"wp:term":[{"taxonomy":"product_brand","embeddable":true,"href":"https:\/\/cosmoflag.com\/da\/wp-json\/wp\/v2\/product_brand?post=2317"},{"taxonomy":"product_cat","embeddable":true,"href":"https:\/\/cosmoflag.com\/da\/wp-json\/wp\/v2\/product_cat?post=2317"},{"taxonomy":"product_tag","embeddable":true,"href":"https:\/\/cosmoflag.com\/da\/wp-json\/wp\/v2\/product_tag?post=2317"}],"curies":[{"name":"wp","href":"https:\/\/api.w.org\/{rel}","templated":true}]}}