{"id":2315,"date":"2024-12-12T13:56:00","date_gmt":"2024-12-12T11:56:00","guid":{"rendered":"https:\/\/cosmoflag.com\/?post_type=product&#038;p=2315"},"modified":"2025-08-12T21:23:46","modified_gmt":"2025-08-12T19:23:46","slug":"biseksuelt-flag","status":"publish","type":"product","link":"https:\/\/cosmoflag.com\/da\/produkt-2\/biseksuelt-flag\/","title":{"rendered":"Biseksuelt flag"},"content":{"rendered":"<h3>Egenskaber ved det biseksuelle flag<\/h3>\n<p>Vores biseksuelle flag er fremstillet af polyester i h\u00f8j kvalitet, hvilket g\u00f8r det ideelt til langvarig brug, uanset om det er indend\u00f8rs eller udend\u00f8rs. Det har metaltyller for nem montering og garanteret hold, selv under ugunstige vejrforhold. F\u00e5s i 90\u00d7150 cm\/35\u00d759 tommer for maksimal synlighed, og vores flag opfylder en r\u00e6kke forskellige behov, uanset om du vil vise det p\u00e5 en stang eller en v\u00e6g.<\/p>\n<h3>Et nationalt symbol gennemsyret af historie<\/h3>\n<p>Det biseksuelle flag har tre vandrette striber: en pink stribe \u00f8verst for homoseksuel tiltr\u00e6kning, en bl\u00e5 stribe nederst for heteroseksuel tiltr\u00e6kning og en lilla stribe i midten, der repr\u00e6senterer tiltr\u00e6kning til begge k\u00f8n. Flaget blev skabt for at \u00f8ge biseksuelles synlighed i og uden for LGBTQ+-milj\u00f8et og for at fremh\u00e6ve mangfoldigheden af seksuelle tiltr\u00e6kninger.<\/p>\n<h3>Alsidig brug<\/h3>\n<p>Det biseksuelle flag er ideelt til pride-arrangementer, f\u00e6llessamlinger, kulturelle begivenheder eller som et p\u00e6dagogisk redskab om biseksualitet og passer perfekt til alle disse lejligheder. Den holdbare konstruktion og de falmebestandige farver sikrer, at flaget bevarer sin sk\u00f8nhed og betydning.<\/p>","protected":false},"excerpt":{"rendered":"<p>150 x 90 cm flag med 2 robuste metalgennemf\u00f8ringer til sikker oph\u00e6ngning.<\/p>","protected":false},"featured_media":1010,"comment_status":"open","ping_status":"closed","template":"","meta":{"_gspb_post_css":"","iawp_total_views":26},"product_brand":[],"product_cat":[57],"product_tag":[],"class_list":{"0":"post-2315","1":"product","2":"type-product","3":"status-publish","4":"has-post-thumbnail","6":"product_cat-lgbt-flags","8":"first","9":"instock","10":"sale","11":"shipping-taxable","12":"purchasable","13":"product-type-simple"},"_links":{"self":[{"href":"https:\/\/cosmoflag.com\/da\/wp-json\/wp\/v2\/product\/2315","targetHints":{"allow":["GET"]}}],"collection":[{"href":"https:\/\/cosmoflag.com\/da\/wp-json\/wp\/v2\/product"}],"about":[{"href":"https:\/\/cosmoflag.com\/da\/wp-json\/wp\/v2\/types\/product"}],"replies":[{"embeddable":true,"href":"https:\/\/cosmoflag.com\/da\/wp-json\/wp\/v2\/comments?post=2315"}],"wp:featuredmedia":[{"embeddable":true,"href":"https:\/\/cosmoflag.com\/da\/wp-json\/wp\/v2\/media\/1010"}],"wp:attachment":[{"href":"https:\/\/cosmoflag.com\/da\/wp-json\/wp\/v2\/media?parent=2315"}],"wp:term":[{"taxonomy":"product_brand","embeddable":true,"href":"https:\/\/cosmoflag.com\/da\/wp-json\/wp\/v2\/product_brand?post=2315"},{"taxonomy":"product_cat","embeddable":true,"href":"https:\/\/cosmoflag.com\/da\/wp-json\/wp\/v2\/product_cat?post=2315"},{"taxonomy":"product_tag","embeddable":true,"href":"https:\/\/cosmoflag.com\/da\/wp-json\/wp\/v2\/product_tag?post=2315"}],"curies":[{"name":"wp","href":"https:\/\/api.w.org\/{rel}","templated":true}]}}