{"id":2313,"date":"2024-12-12T13:49:00","date_gmt":"2024-12-12T11:49:00","guid":{"rendered":"https:\/\/cosmoflag.com\/?post_type=product&#038;p=2313"},"modified":"2026-01-12T00:18:30","modified_gmt":"2026-01-11T22:18:30","slug":"transkonnet-flag","status":"publish","type":"product","link":"https:\/\/cosmoflag.com\/da\/produkt-2\/transkonnet-flag\/","title":{"rendered":"Transk\u00f8nnet flag"},"content":{"rendered":"<h3>Transseksuelle flagfunktioner<\/h3>\n<p>Vores transseksuelle flag er lavet af polyester i h\u00f8j kvalitet, hvilket g\u00f8r det ideelt til langvarig brug, uanset om det er indend\u00f8rs eller udend\u00f8rs. Det har metaltyller for nem montering og garanteret hold, selv under ugunstige vejrforhold. F\u00e5s i 90\u00d7150 cm\/35\u00d759 tommer for maksimal synlighed, og vores flag opfylder en r\u00e6kke forskellige behov, uanset om du vil vise det p\u00e5 en stang eller en v\u00e6g.<\/p>\n<h3>Et nationalt symbol gennemsyret af historie<\/h3>\n<p>Det transk\u00f8nnede flag er designet af Monica Helms i 1999 og best\u00e5r af fem vandrette striber: to bl\u00e5, to lyser\u00f8de og en hvid i midten. De bl\u00e5 og lyser\u00f8de farver repr\u00e6senterer traditionelt drenge og piger, mens den hvide symboliserer ikke-bin\u00e6re personer, hvilket afspejler mangfoldigheden af transk\u00f8nnede identiteter.<\/p>\n<h3>Alsidig brug<\/h3>\n<p>Uanset om det er til pride-parader, samfundsarrangementer, kulturelle begivenheder eller som et uddannelsesv\u00e6rkt\u00f8j, er det transk\u00f8nnede flag et st\u00e6rkt symbol p\u00e5 synlighed og stolthed. Dets robuste design og falmebestandige farver sikrer, at flaget bevarer sin betydning og visuelle effekt over tid.<\/p>","protected":false},"excerpt":{"rendered":"<p>150 x 90 cm flag med 2 robuste metalgennemf\u00f8ringer til sikker oph\u00e6ngning.<\/p>","protected":false},"featured_media":1430,"comment_status":"open","ping_status":"closed","template":"","meta":{"_gspb_post_css":"","iawp_total_views":41},"product_brand":[],"product_cat":[57],"product_tag":[],"class_list":{"0":"post-2313","1":"product","2":"type-product","3":"status-publish","4":"has-post-thumbnail","6":"product_cat-lgbt-flags","8":"first","9":"instock","10":"sale","11":"shipping-taxable","12":"purchasable","13":"product-type-simple"},"_links":{"self":[{"href":"https:\/\/cosmoflag.com\/da\/wp-json\/wp\/v2\/product\/2313","targetHints":{"allow":["GET"]}}],"collection":[{"href":"https:\/\/cosmoflag.com\/da\/wp-json\/wp\/v2\/product"}],"about":[{"href":"https:\/\/cosmoflag.com\/da\/wp-json\/wp\/v2\/types\/product"}],"replies":[{"embeddable":true,"href":"https:\/\/cosmoflag.com\/da\/wp-json\/wp\/v2\/comments?post=2313"}],"wp:featuredmedia":[{"embeddable":true,"href":"https:\/\/cosmoflag.com\/da\/wp-json\/wp\/v2\/media\/1430"}],"wp:attachment":[{"href":"https:\/\/cosmoflag.com\/da\/wp-json\/wp\/v2\/media?parent=2313"}],"wp:term":[{"taxonomy":"product_brand","embeddable":true,"href":"https:\/\/cosmoflag.com\/da\/wp-json\/wp\/v2\/product_brand?post=2313"},{"taxonomy":"product_cat","embeddable":true,"href":"https:\/\/cosmoflag.com\/da\/wp-json\/wp\/v2\/product_cat?post=2313"},{"taxonomy":"product_tag","embeddable":true,"href":"https:\/\/cosmoflag.com\/da\/wp-json\/wp\/v2\/product_tag?post=2313"}],"curies":[{"name":"wp","href":"https:\/\/api.w.org\/{rel}","templated":true}]}}