{"id":2312,"date":"2024-12-12T13:43:00","date_gmt":"2024-12-12T11:43:00","guid":{"rendered":"https:\/\/cosmoflag.com\/?post_type=product&#038;p=2312"},"modified":"2026-04-04T13:27:14","modified_gmt":"2026-04-04T11:27:14","slug":"intersex-fremskridt-pride-flag","status":"publish","type":"product","link":"https:\/\/cosmoflag.com\/da\/produkt-2\/intersex-fremskridt-pride-flag\/","title":{"rendered":"Intersex Progress Pride-flag"},"content":{"rendered":"<h3>Funktioner af Intersex Progress Pride-flaget<\/h3>\n<p>Vores Intersex Progress Pride-flag er fremstillet af polyester af h\u00f8j kvalitet, hvilket g\u00f8r det ideelt til langvarig brug, uanset om det er indend\u00f8rs eller udend\u00f8rs. Det har metaltyller for nem montering og garanteret hold, selv under ugunstige vejrforhold. F\u00e5s i 90 x 150 cm for maksimal synlighed, og vores flag opfylder en r\u00e6kke forskellige behov, uanset om du vil vise det p\u00e5 en stang eller en v\u00e6g.<\/p>\n<h3>Et nationalt symbol gennemsyret af historie<\/h3>\n<p>Intersex Progress Pride-flaget indeholder designet af det traditionelle Progress Pride-flag med tilf\u00f8jelsen af en lilla cirkel p\u00e5 en gul baggrund i den h\u00f8jre pilestribe, der symboliserer interk\u00f8nssamfundet. Dette innovative design fremh\u00e6ver vigtigheden af interk\u00f8nnet inklusion og synlighed i LGBTQ+-samfundet. Flaget fejrer ogs\u00e5 bidragene og modstandsdygtigheden hos transk\u00f8nnede, farvede og interk\u00f8nnede.<\/p>\n<h3>Alsidig brug<\/h3>\n<p>Dette flag er perfekt til pride-parader, arrangementer i lokalsamfundet, kulturelle demonstrationer eller som et p\u00e6dagogisk v\u00e6rkt\u00f8j og er et st\u00e6rkt symbol p\u00e5 inklusion. Dets robuste design og falmebestandige farver sikrer, at flaget bevarer sin visuelle virkning og betydning over tid.<\/p>","protected":false},"excerpt":{"rendered":"<p>150 x 90 cm flag med 2 robuste metalgennemf\u00f8ringer til sikker oph\u00e6ngning.<\/p>","protected":false},"featured_media":1151,"comment_status":"open","ping_status":"closed","template":"","meta":{"_gspb_post_css":"","iawp_total_views":43},"product_brand":[],"product_cat":[57],"product_tag":[],"class_list":{"0":"post-2312","1":"product","2":"type-product","3":"status-publish","4":"has-post-thumbnail","6":"product_cat-lgbt-flags","8":"first","9":"instock","10":"sale","11":"shipping-taxable","12":"purchasable","13":"product-type-simple"},"_links":{"self":[{"href":"https:\/\/cosmoflag.com\/da\/wp-json\/wp\/v2\/product\/2312","targetHints":{"allow":["GET"]}}],"collection":[{"href":"https:\/\/cosmoflag.com\/da\/wp-json\/wp\/v2\/product"}],"about":[{"href":"https:\/\/cosmoflag.com\/da\/wp-json\/wp\/v2\/types\/product"}],"replies":[{"embeddable":true,"href":"https:\/\/cosmoflag.com\/da\/wp-json\/wp\/v2\/comments?post=2312"}],"wp:featuredmedia":[{"embeddable":true,"href":"https:\/\/cosmoflag.com\/da\/wp-json\/wp\/v2\/media\/1151"}],"wp:attachment":[{"href":"https:\/\/cosmoflag.com\/da\/wp-json\/wp\/v2\/media?parent=2312"}],"wp:term":[{"taxonomy":"product_brand","embeddable":true,"href":"https:\/\/cosmoflag.com\/da\/wp-json\/wp\/v2\/product_brand?post=2312"},{"taxonomy":"product_cat","embeddable":true,"href":"https:\/\/cosmoflag.com\/da\/wp-json\/wp\/v2\/product_cat?post=2312"},{"taxonomy":"product_tag","embeddable":true,"href":"https:\/\/cosmoflag.com\/da\/wp-json\/wp\/v2\/product_tag?post=2312"}],"curies":[{"name":"wp","href":"https:\/\/api.w.org\/{rel}","templated":true}]}}