{"id":2311,"date":"2024-12-12T13:37:00","date_gmt":"2024-12-12T11:37:00","guid":{"rendered":"https:\/\/cosmoflag.com\/?post_type=product&#038;p=2311"},"modified":"2025-08-12T21:23:47","modified_gmt":"2025-08-12T19:23:47","slug":"panseksuelt-flag","status":"publish","type":"product","link":"https:\/\/cosmoflag.com\/da\/produkt-2\/panseksuelt-flag\/","title":{"rendered":"Panseksuelt flag"},"content":{"rendered":"<h3>Funktioner af det panseksuelle flag<\/h3>\n<p>Vores panseksuelle flag er lavet af polyester i h\u00f8j kvalitet, hvilket g\u00f8r det ideelt til langvarig brug, uanset om det er indend\u00f8rs eller udend\u00f8rs. Det har metaltyller for nem montering og garanteret hold, selv under ugunstige vejrforhold. F\u00e5s i 90 x 150 cm for maksimal synlighed, og vores flag opfylder en r\u00e6kke forskellige behov, uanset om du vil vise det p\u00e5 en stang eller en v\u00e6g.<\/p>\n<h3>Et nationalt symbol gennemsyret af historie<\/h3>\n<p>Det panseksuelle flag har tre vandrette striber: pink, gul og bl\u00e5. Den lyser\u00f8de repr\u00e6senterer tiltr\u00e6kning af mennesker af hunk\u00f8n, den bl\u00e5 repr\u00e6senterer tiltr\u00e6kning af mennesker af hank\u00f8n, og den gule repr\u00e6senterer tiltr\u00e6kning af mennesker af alle k\u00f8n, hvilket understreger panseksualitet, som er tiltr\u00e6kning af mennesker uanset k\u00f8n.<\/p>\n<h3>Alsidig brug<\/h3>\n<p>Det panseksuelle flag er ideelt til pride-arrangementer, f\u00e6llessamlinger, kulturelle begivenheder eller som et uddannelsesv\u00e6rkt\u00f8j om panseksualitet. Den holdbare konstruktion og de levende farver g\u00f8r det til et symbol p\u00e5 stolthed og inklusion for det panseksuelle samfund.<\/p>","protected":false},"excerpt":{"rendered":"<p>150 x 90 cm flag med 2 robuste metalgennemf\u00f8ringer til sikker oph\u00e6ngning.<\/p>","protected":false},"featured_media":1314,"comment_status":"open","ping_status":"closed","template":"","meta":{"_gspb_post_css":"","iawp_total_views":12},"product_brand":[],"product_cat":[57],"product_tag":[],"class_list":{"0":"post-2311","1":"product","2":"type-product","3":"status-publish","4":"has-post-thumbnail","6":"product_cat-lgbt-flags","8":"first","9":"instock","10":"sale","11":"shipping-taxable","12":"purchasable","13":"product-type-simple"},"_links":{"self":[{"href":"https:\/\/cosmoflag.com\/da\/wp-json\/wp\/v2\/product\/2311","targetHints":{"allow":["GET"]}}],"collection":[{"href":"https:\/\/cosmoflag.com\/da\/wp-json\/wp\/v2\/product"}],"about":[{"href":"https:\/\/cosmoflag.com\/da\/wp-json\/wp\/v2\/types\/product"}],"replies":[{"embeddable":true,"href":"https:\/\/cosmoflag.com\/da\/wp-json\/wp\/v2\/comments?post=2311"}],"wp:featuredmedia":[{"embeddable":true,"href":"https:\/\/cosmoflag.com\/da\/wp-json\/wp\/v2\/media\/1314"}],"wp:attachment":[{"href":"https:\/\/cosmoflag.com\/da\/wp-json\/wp\/v2\/media?parent=2311"}],"wp:term":[{"taxonomy":"product_brand","embeddable":true,"href":"https:\/\/cosmoflag.com\/da\/wp-json\/wp\/v2\/product_brand?post=2311"},{"taxonomy":"product_cat","embeddable":true,"href":"https:\/\/cosmoflag.com\/da\/wp-json\/wp\/v2\/product_cat?post=2311"},{"taxonomy":"product_tag","embeddable":true,"href":"https:\/\/cosmoflag.com\/da\/wp-json\/wp\/v2\/product_tag?post=2311"}],"curies":[{"name":"wp","href":"https:\/\/api.w.org\/{rel}","templated":true}]}}