{"id":2561,"date":"2025-01-01T18:47:53","date_gmt":"2025-01-01T18:47:53","guid":{"rendered":"https:\/\/cosmoflag.com\/?page_id=2561"},"modified":"2025-01-01T18:47:54","modified_gmt":"2025-01-01T18:47:54","slug":"refusions-og-returpolitik","status":"publish","type":"page","link":"https:\/\/cosmoflag.com\/da\/refusions-og-returpolitik\/","title":{"rendered":"Politik for tilbagebetaling og returnering"},"content":{"rendered":"<p><strong>Returpolitik<\/strong><br>Kunder af <strong>Cosmoflag<\/strong> har 14 dage fra datoen for modtagelse af deres ordre til at starte en returnering. For at starte returprocessen bedes du sende en anmodning via kontaktformularen p\u00e5 vores hjemmeside eller sende en e-mail direkte til os p\u00e5 <strong><a>info@cosmoflag.com<\/a><\/strong>inklusive dit ordrenummer.<\/p>\n\n\n\n<hr class=\"wp-block-separator has-alpha-channel-opacity\"\/>\n\n\n\n<h3 class=\"wp-block-heading has-medium-font-size\" id=\"condition-of-returned-items\"><strong>TILSTAND AF RETURNEREDE VARER<\/strong><\/h3>\n\n\n\n<p>Varer skal returneres i deres oprindelige stand og omfatte alle komponenter (emballage, tilbeh\u00f8r og manualer). Kunden kan blive holdt ansvarlig for eventuelle skader p\u00e5 varen under returprocessen, hvilket kan g\u00f8re retten til tilbagebetaling eller ombytning ugyldig.<\/p>\n\n\n\n<hr class=\"wp-block-separator has-alpha-channel-opacity\"\/>\n\n\n\n<h3 class=\"wp-block-heading has-medium-font-size\" id=\"return-shipping-costs\"><strong>OMKOSTNINGER TIL RETURFORSENDELSE<\/strong><\/h3>\n\n\n\n<p>Omkostninger til returforsendelse er kundens ansvar. Vi anbefaler at bruge en sporet returservice for at undg\u00e5 tvister om modtagelse af den returnerede vare.<\/p>\n\n\n\n<hr class=\"wp-block-separator has-alpha-channel-opacity\"\/>\n\n\n\n<h3 class=\"wp-block-heading has-medium-font-size\" id=\"defective-or-incorrect-items\"><strong>DEFEKTE ELLER FORKERTE VARER<\/strong><\/h3>\n\n\n\n<p>Hvis du modtager en defekt eller forkert vare, bedes du kontakte vores kundeservice inden for <strong>48 timer<\/strong> efter modtagelse af din ordre. Vedl\u00e6g en detaljeret beskrivelse og fotos af fejlene, og send dem til <strong><a>info@cosmoflag.com<\/a><\/strong>. Krav, der frems\u00e6ttes efter 48 timer, kan blive afvist.<\/p>\n\n\n\n<hr class=\"wp-block-separator has-alpha-channel-opacity\"\/>\n\n\n\n<h3 class=\"wp-block-heading has-medium-font-size\" id=\"exclusions\"><strong>EKSKLUSIONER<\/strong><\/h3>\n\n\n\n<ul class=\"wp-block-list\">\n<li>Kun varer til almindelig pris kan refunderes.<\/li>\n\n\n\n<li>Udsalgsvarer refunderes ikke.<\/li>\n\n\n\n<li>Hvis din ordre indeholdt en gratis vare (f.eks. p\u00e5 grund af en s\u00e6rlig kampagne eller leveringsfejl), og du returnerer varer, som du har modtaget en gave til, skal den gratis vare ogs\u00e5 returneres.<\/li>\n<\/ul>\n\n\n\n<hr class=\"wp-block-separator has-alpha-channel-opacity\"\/>\n\n\n\n<h3 class=\"wp-block-heading has-medium-font-size\" id=\"refund-procedure\"><strong>REFUSIONSPROCEDURE<\/strong><\/h3>\n\n\n\n<p>Hvis en tilbagebetaling godkendes, vil den blive behandlet, og en kreditering vil automatisk blive foretaget p\u00e5 dit kreditkort eller den oprindelige betalingsmetode inden for <strong>10 arbejdsdage<\/strong> efter modtagelse af den returnerede vare.<\/p>\n\n\n\n<hr class=\"wp-block-separator has-alpha-channel-opacity\"\/>\n\n\n\n<h3 class=\"wp-block-heading has-medium-font-size\" id=\"shipping-cost-refunds\"><strong>REFUSION AF FORSENDELSESOMKOSTNINGER<\/strong><\/h3>\n\n\n\n<ul class=\"wp-block-list\">\n<li>De f\u00f8rste forsendelsesomkostninger refunderes ikke.<\/li>\n\n\n\n<li>Hvis du modtager en tilbagebetaling, vil returfragten ikke v\u00e6re inkluderet i det tilbagebetalte bel\u00f8b.<\/li>\n\n\n\n<li>Kunderne er ansvarlige for returforsendelsesomkostningerne, og vi anbefaler at bruge en sporet leveringstjeneste for at sikre, at din returnering modtages.<\/li>\n<\/ul>\n\n\n\n<hr class=\"wp-block-separator has-alpha-channel-opacity\"\/>\n\n\n\n<h3 class=\"wp-block-heading has-medium-font-size\" id=\"fair-return-policy\"><strong>FAIR RETURPOLITIK<\/strong><\/h3>\n\n\n\n<p>Denne retur- og tilbagebetalingspolitik er designet til at v\u00e6re retf\u00e6rdig for alle parter og beskytte b\u00e5de vores kunders og vores virksomheders interesser. <strong>Cosmoflag<\/strong>. Vi bestr\u00e6ber os p\u00e5 at l\u00f8se problemer effektivt og retf\u00e6rdigt, og vi opfordrer kunderne til at kontakte os, hvis der opst\u00e5r problemer.<\/p>\n\n\n\n<hr class=\"wp-block-separator has-alpha-channel-opacity\"\/>\n\n\n\n<h3 class=\"wp-block-heading has-medium-font-size\" id=\"contact-us\"><strong>Kontakt os<\/strong><\/h3>\n\n\n\n<p>For yderligere sp\u00f8rgsm\u00e5l eller afklaring bedes du kontakte vores kundeserviceteam p\u00e5 den angivne e-mailadresse. Vi er her for at hj\u00e6lpe dig med at navigere i returprocessen og sikre din tilfredshed.<\/p>","protected":false},"excerpt":{"rendered":"<p>Return PolicyCustomers of Cosmoflag have 14 days from the date of receiving their order to initiate a return. To start the return process, please submit a request via the contact form on our website or email us directly at info@cosmoflag.com, including your order number. CONDITION OF RETURNED ITEMS Items must be returned in their original [&hellip;]<\/p>\n","protected":false},"author":1,"featured_media":0,"parent":0,"menu_order":0,"comment_status":"closed","ping_status":"closed","template":"","meta":{"_gspb_post_css":"","iawp_total_views":4,"footnotes":""},"class_list":["post-2561","page","type-page","status-publish","hentry"],"blocksy_meta":[],"_links":{"self":[{"href":"https:\/\/cosmoflag.com\/da\/wp-json\/wp\/v2\/pages\/2561","targetHints":{"allow":["GET"]}}],"collection":[{"href":"https:\/\/cosmoflag.com\/da\/wp-json\/wp\/v2\/pages"}],"about":[{"href":"https:\/\/cosmoflag.com\/da\/wp-json\/wp\/v2\/types\/page"}],"author":[{"embeddable":true,"href":"https:\/\/cosmoflag.com\/da\/wp-json\/wp\/v2\/users\/1"}],"replies":[{"embeddable":true,"href":"https:\/\/cosmoflag.com\/da\/wp-json\/wp\/v2\/comments?post=2561"}],"version-history":[{"count":0,"href":"https:\/\/cosmoflag.com\/da\/wp-json\/wp\/v2\/pages\/2561\/revisions"}],"wp:attachment":[{"href":"https:\/\/cosmoflag.com\/da\/wp-json\/wp\/v2\/media?parent=2561"}],"curies":[{"name":"wp","href":"https:\/\/api.w.org\/{rel}","templated":true}]}}