{"id":2559,"date":"2025-01-01T18:44:57","date_gmt":"2025-01-01T18:44:57","guid":{"rendered":"https:\/\/cosmoflag.com\/?page_id=2559"},"modified":"2025-01-05T14:19:20","modified_gmt":"2025-01-05T14:19:20","slug":"privatlivspolitik","status":"publish","type":"page","link":"https:\/\/cosmoflag.com\/da\/privatlivspolitik\/","title":{"rendered":"Politik for beskyttelse af personlige oplysninger"},"content":{"rendered":"<h3 class=\"wp-block-heading\" id=\"introduction-to-cosmoflag-s-privacy-statement\">Introduktion til Cosmoflags erkl\u00e6ring om beskyttelse af personlige oplysninger<\/h3>\n\n\n\n<p>P\u00e5 <strong>Cosmoflag<\/strong>Vi forst\u00e5r, at det er vigtigt at beskytte dit privatliv, og vi er forpligtet til at respektere det. Som en onlinebutik, der er dedikeret til at s\u00e6lge flag af h\u00f8j kvalitet, indsamler vi visse oplysninger for at forbedre din shoppingoplevelse, samtidig med at vi sikrer sikkerheden og fortroligheden af dine personlige data.<\/p>\n\n\n\n<p>Vores fortrolighedserkl\u00e6ring forklarer, hvordan og hvorfor vi indsamler dine personlige data, hvordan de bruges, og hvordan vi beskytter dem. Din tillid er vigtig for os, og derfor tr\u00e6ffer vi alle n\u00f8dvendige foranstaltninger for at sikre dine oplysninger og give dig mulighed for at kontrollere brugen af dem.<\/p>\n\n\n\n<p>Vi opfordrer dig til at l\u00e6se denne erkl\u00e6ring omhyggeligt for at forst\u00e5 vores praksis med hensyn til dine personlige oplysninger, og hvordan vi h\u00e5ndterer dem. Hvis du har sp\u00f8rgsm\u00e5l eller bekymringer, er du velkommen til at kontakte os. Beskyttelse af dit privatliv er en central del af vores mission, og vi er forpligtet til at beskytte det strengt.<\/p>\n\n\n\n<hr class=\"wp-block-separator has-alpha-channel-opacity\"\/>\n\n\n\n<h3 class=\"wp-block-heading\" id=\"article-1-personal-information-collected\">Artikel 1 - Indsamlede personlige oplysninger<\/h3>\n\n\n\n<p><strong>Oplysninger indsamlet under k\u00f8b<\/strong><br>N\u00e5r du foretager et k\u00f8b i vores Cosmoflag-butik, indsamler vi de personlige oplysninger, du giver. Dette omfatter dit navn, din postadresse og din e-mailadresse - oplysninger, der er n\u00f8dvendige for at gennemf\u00f8re din transaktion. Disse oplysninger giver os mulighed for at behandle dine ordrer, styre produktleveringen og kontakte dig, hvis det er n\u00f8dvendigt vedr\u00f8rende dit k\u00f8b.<\/p>\n\n\n\n<p><strong>Oplysninger indsamlet under browsing<\/strong><br>Ud over de oplysninger, du udtrykkeligt giver os, indsamler vi automatisk visse oplysninger, n\u00e5r du bes\u00f8ger vores websted. Dette omfatter din computers IP-adresse (Internet Protocol), som hj\u00e6lper os med at diagnosticere serverproblemer, administrere vores websted og identificere forbedringer baseret p\u00e5, hvordan bes\u00f8gende navigerer p\u00e5 vores websted. Vi indsamler ogs\u00e5 oplysninger om din browsertype og dit operativsystem, som hj\u00e6lper os med at optimere webstedet for alle brugere.<\/p>\n\n\n\n<p><strong>E-mail-marketing<\/strong><br>Med din tilladelse kan vi sende dig e-mails om vores butik, nye produkter og opdateringer, som vi mener vil interessere dig. Denne kommunikation er designet til at forbedre din oplevelse ved at holde dig informeret om Cosmoflags seneste nyheder og tilbud. Du kan til enhver tid afmelde dig, hvis du ikke l\u00e6ngere \u00f8nsker at modtage disse opdateringer.<\/p>\n\n\n\n<p>Beskyttelse af dine personlige oplysninger er altafg\u00f8rende for os, og vi er forpligtet til at h\u00e5ndtere dem med omhu og ansvar. Alle oplysninger h\u00e5ndteres i overensstemmelse med g\u00e6ldende databeskyttelseslove og vores interne privatlivspolitik.<\/p>\n\n\n\n<hr class=\"wp-block-separator has-alpha-channel-opacity\"\/>\n\n\n\n<h3 class=\"wp-block-heading\" id=\"article-2-consent\">Artikel 2 - Samtykke<\/h3>\n\n\n\n<p><strong>Indhentning af dit samtykke<\/strong><br>N\u00e5r du giver os dine personlige oplysninger for at gennemf\u00f8re en transaktion, bekr\u00e6fte dit kreditkort, afgive en ordre, arrangere levering eller returnere et k\u00f8b, udleder vi, at du giver dit samtykke til, at vi indsamler og bruger dine oplysninger til disse specifikke form\u00e5l.<\/p>\n\n\n\n<p>For enhver anden brug af dine personlige oplysninger, f.eks. til direkte markedsf\u00f8ringskampagner, vil vi udtrykkeligt bede om dit samtykke eller give dig mulighed for at frav\u00e6lge det.<\/p>\n\n\n\n<p><strong>S\u00e5dan tr\u00e6kker du dit samtykke tilbage<\/strong><br>Hvis du skifter mening, efter at du har givet dit samtykke, har du til enhver tid ret til at tr\u00e6kke dit samtykke tilbage, s\u00e5 vi kan kontakte dig, indsamle, bruge eller videregive dine oplysninger. For at tr\u00e6kke dit samtykke tilbage kan du kontakte os p\u00e5 <strong><a>info@cosmoflag.com<\/a><\/strong> eller send et brev til vores postadresse, hvor du giver eller bekr\u00e6fter de n\u00f8dvendige oplysninger, s\u00e5 vi kan identificere og besvare din anmodning.<\/p>\n\n\n\n<p><strong>H\u00e5ndtering af dit samtykke<\/strong><br>Vi er forpligtet til at respektere de valg, du tr\u00e6ffer vedr\u00f8rende dine personlige data. Dette omfatter ikke kun retten til at tr\u00e6kke dit samtykke tilbage til enhver tid, men ogs\u00e5 muligheden for at anmode om adgang til de persondata, vi har om dig, og at anmode om rettelser, hvis dataene er un\u00f8jagtige eller ufuldst\u00e6ndige.<\/p>\n\n\n\n<p>Din tillid er kernen i vores engagement i privatlivets fred. Ved tydeligt at give mulighed for samtykke og respektere dine valg sikrer vi, at dine data h\u00e5ndteres p\u00e5 en gennemsigtig og respektfuld m\u00e5de.<\/p>\n\n\n\n<hr class=\"wp-block-separator has-alpha-channel-opacity\"\/>\n\n\n\n<h3 class=\"wp-block-heading\" id=\"article-3-disclosure\">Artikel 3 - Offentligg\u00f8relse<\/h3>\n\n\n\n<p><strong>Betingelser for videregivelse af dine personlige oplysninger<\/strong><br>Vi forpligter os til ikke at s\u00e6lge, handle eller uretm\u00e6ssigt overf\u00f8re dine personlige oplysninger til tredjeparter uden dit samtykke, undtagen under f\u00f8lgende omst\u00e6ndigheder:<\/p>\n\n\n\n<ul class=\"wp-block-list\">\n<li><strong>Juridiske krav<\/strong>: Vi kan videregive dine personlige oplysninger, hvis loven kr\u00e6ver det, eller hvis du overtr\u00e6der vores vilk\u00e5r og betingelser. Dette omfatter samarbejde med juridiske og regulerende myndigheder for at h\u00e5ndtere unders\u00f8gelser eller overholde juridiske forpligtelser.<\/li>\n\n\n\n<li><strong>Tjenesteudbydere<\/strong>: Dine personlige oplysninger kan deles med tredjeparter, der leverer tjenester p\u00e5 vores vegne, f.eks. betalingsbehandling, forsendelsesadministration eller dataanalyse. Disse tjenesteudbydere er n\u00f8je udvalgt og har kun tilladelse til at bruge dine data til at udf\u00f8re de tjenester, vi beder dem om, i overensstemmelse med vores privatlivspolitik.<\/li>\n\n\n\n<li><strong>Forretningstransaktioner<\/strong>: I tilf\u00e6lde af en fusion, overtagelse eller salg af alle eller en del af vores aktiver kan dine personlige oplysninger blive overf\u00f8rt. Vi vil underrette dig via e-mail og\/eller en fremtr\u00e6dende meddelelse p\u00e5 vores websted om eventuelle \u00e6ndringer i ejerskab eller brug af dine personlige oplysninger samt dine muligheder vedr\u00f8rende disse oplysninger.<\/li>\n\n\n\n<li><strong>Beskyttelse af Cosmoflag og andre<\/strong>: Vi forbeholder os ret til at videregive dine personlige oplysninger for at beskytte vores rettigheder, sikkerhed, vores kunders eller tredjeparters, f.eks. i tilf\u00e6lde af forebyggelse af bedrageri og reduktion af kreditrisiko.<\/li>\n<\/ul>\n\n\n\n<p><strong>Sikkerhed og fortrolighed<\/strong><br>I alle tilf\u00e6lde af videregivelse tager vi skridt til at sikre, at dine personlige oplysninger forbliver beskyttet i overensstemmelse med denne privatlivspolitik og g\u00e6ldende lovgivning. Aftaler med tredjeparter omfatter klausuler, der kr\u00e6ver beskyttelse af dine personlige oplysninger og sikrer, at disse parter opretholder dataenes fortrolighed og sikkerhed.<\/p>\n\n\n\n<p>Vi forpligter os til at bruge dine personlige oplysninger p\u00e5 en ansvarlig og sikker m\u00e5de og til at v\u00e6re \u00e5bne om de tilf\u00e6lde, hvor disse oplysninger kan blive delt. Hvis du har sp\u00f8rgsm\u00e5l eller bekymringer om, hvordan dine personlige oplysninger h\u00e5ndteres, bedes du kontakte os.<\/p>\n\n\n\n<hr class=\"wp-block-separator has-alpha-channel-opacity\"\/>\n\n\n\n<h3 class=\"wp-block-heading\" id=\"article-4-wordpress-and-data-security\">Artikel 4 - WordPress og datasikkerhed<\/h3>\n\n\n\n<p><strong>Hosting og datah\u00e5ndtering<\/strong><br>Vores butik er hostet p\u00e5 WordPress og bruger e-handelsplatformen WooCommerce. WooCommerce leverer den onlineplatform, der giver os mulighed for at s\u00e6lge vores produkter og tjenester. Dine data gemmes i WooCommerces datalagringssystemer, databaser og den generelle WordPress-applikation. Dine data opbevares p\u00e5 sikre servere bag en firewall.<\/p>\n\n\n\n<p><strong>Betaling<\/strong><br>Transaktioner p\u00e5 vores websted behandles via eksterne betalingsgateways, som bruger sikkerhedsprotokoller til at kryptere f\u00f8lsomme data, s\u00e5som kreditkortoplysninger. Mens WooCommerce letter disse transaktioner, gemmer det ikke dine kreditkortdata, n\u00e5r transaktionen er afsluttet.<\/p>\n\n\n\n<p>Alle betalingsgateways, der bruges p\u00e5 vores websted, overholder <strong>PCI-DSS-standarder<\/strong> som forvaltes af <strong>R\u00e5det for PCI-sikkerhedsstandarder<\/strong>, som er en f\u00e6lles indsats fra m\u00e6rker som Visa, MasterCard, American Express og Discover. Disse standarder er med til at sikre en sikker behandling af kreditkortoplysninger i vores butik og hos vores tjenesteudbydere.<\/p>\n\n\n\n<p><strong>Adgang til og h\u00e5ndtering af persondata<\/strong><br>Via WordPress og WooCommerce kan du oprette en brugerkonto til at administrere dine personlige oplysninger, spore ordrer og se betalingshistorik. Du kan til enhver tid f\u00e5 adgang til disse oplysninger ved at logge ind p\u00e5 din konto p\u00e5 vores hjemmeside.<\/p>\n\n\n\n<p><strong>Datasikkerhed<\/strong><br>Vi tager datasikkerhed meget alvorligt og er forpligtet til at beskytte dine personlige oplysninger. Tekniske sikkerhedsforanstaltninger, s\u00e5som SSL\/TLS-kryptering, bruges til at beskytte dine personlige data, der overf\u00f8res via vores websted. Derudover begr\u00e6nser interne sikkerhedspraksisser adgangen til dine data til autoriseret personale, der har brug for dem til at udf\u00f8re deres opgaver.<\/p>\n\n\n\n<p>Hvis WooCommerce eller WordPress ikke l\u00e6ngere opfylder vores sikkerheds- eller driftskrav, forbeholder vi os ret til at skifte platform. Dine datas kontinuitet og sikkerhed vil fortsat v\u00e6re vores prioritet, og du vil blive informeret om alle v\u00e6sentlige \u00e6ndringer, der p\u00e5virker, hvordan dine personlige data administreres.<\/p>\n\n\n\n<p>Hvis du har sp\u00f8rgsm\u00e5l om sikkerheden af dine personlige oplysninger, bedes du kontakte os.<\/p>\n\n\n\n<h3 class=\"wp-block-heading\" id=\"article-6-security\">Artikel 6 - Sikkerhed<\/h3>\n\n\n\n<p><strong>Sikkerhedsforanstaltninger<\/strong><br>P\u00e5 <strong>Cosmoflag<\/strong>er sikkerheden af dine personlige data en topprioritet. Vi implementerer strenge sikkerhedsforanstaltninger for at beskytte dine oplysninger mod uautoriseret adgang, \u00e6ndring, videregivelse eller \u00f8del\u00e6ggelse. Disse foranstaltninger omfatter avancerede teknologiske protokoller s\u00e5som SSL-kryptering (Secure Socket Layer) til sikker datatransmission p\u00e5 vores websted og sikker opbevaring af f\u00f8lsomme oplysninger.<\/p>\n\n\n\n<p><strong>Kryptering af data<\/strong><br>N\u00e5r du giver kreditkortoplysninger, overf\u00f8res de sikkert til vores servere ved hj\u00e6lp af krypteringsteknologi. Dataene krypteres derefter i vores database og er kun tilg\u00e6ngelige for autoriserede personer med s\u00e6rlige adgangsrettigheder, som er forpligtet til at holde disse oplysninger fortrolige. Sammen med SSL bruger vi AES-256-kryptering til at beskytte lagrede data.<\/p>\n\n\n\n<p><strong>Industriens standarder<\/strong><br>Vi overholder branchestandarderne for beskyttelse af personoplysninger, herunder dem, der er fastsat i Payment Card Industry Data Security Standard (PCI-DSS). Vores sikkerhedspraksis gennemg\u00e5s og opdateres regelm\u00e6ssigt for at afspejle teknologiske fremskridt og bedste driftspraksis.<\/p>\n\n\n\n<p><strong>Overv\u00e5gning og vurdering<\/strong><br>Vi overv\u00e5ger l\u00f8bende vores systemer for at opdage sikkerhedss\u00e5rbarheder og potentielle angreb. Intet elektronisk overf\u00f8rsels- eller lagringssystem er dog 100% sikkert. Selv om vi bestr\u00e6ber os p\u00e5 at beskytte dine personlige data, kan vi ikke garantere deres absolutte sikkerhed.<\/p>\n\n\n\n<p><strong>H\u00e5ndtering af sikkerhedsbrud<\/strong><br>I tilf\u00e6lde af et sikkerhedsbrud, der p\u00e5virker dine personlige oplysninger, vil vi handle hurtigt for at identificere \u00e5rsagen, tr\u00e6ffe korrigerende foranstaltninger og underrette dig i overensstemmelse med g\u00e6ldende love. Vi forpligter os til at samarbejde med relevante myndigheder og informere dig om eventuelle skridt, du kan tage for at minimere p\u00e5virkningerne.<\/p>\n\n\n\n<p><strong>Brugernes ansvarsomr\u00e5der<\/strong><br>Vi r\u00e5der dig til at tage skridt til at beskytte dine personlige oplysninger online. Det omfatter brug af st\u00e6rke adgangskoder, regelm\u00e6ssig opdatering af din software og undg\u00e5else af usikre Wi-Fi-netv\u00e6rk til transaktioner. Sikkerheden af dine oplysninger afh\u00e6nger ogs\u00e5 af dine proaktive foranstaltninger.<\/p>\n\n\n\n<p>Hvis du har sp\u00f8rgsm\u00e5l om sikkerheden af dine personlige data eller specifikke bekymringer, er du velkommen til at kontakte vores kundesupportteam. Vi er her for at hj\u00e6lpe dig med at navigere og forst\u00e5 datasikkerheden hos Cosmoflag.<\/p>\n\n\n\n<hr class=\"wp-block-separator has-alpha-channel-opacity\"\/>\n\n\n\n<h3 class=\"wp-block-heading\" id=\"article-7-cookies\">Artikel 7 - Cookies<\/h3>\n\n\n\n<p><strong>Brug af cookies<\/strong><br>P\u00e5 <strong>Cosmoflag<\/strong>Vi bruger cookies til at forbedre brugeroplevelsen p\u00e5 vores hjemmeside. Cookies er sm\u00e5 datafiler, der gemmes p\u00e5 din computer eller mobilenhed, n\u00e5r du bes\u00f8ger vores hjemmeside. De g\u00f8r det muligt for os at genkende din enhed og huske visse pr\u00e6ferencer eller handlinger fra tidligere bes\u00f8g.<\/p>\n\n\n\n<p><strong>Typer af anvendte cookies<\/strong><\/p>\n\n\n\n<ul class=\"wp-block-list\">\n<li><strong>Session-cookies<\/strong>: Disse cookies gemmer oplysninger om din session (henviser, landingsside osv.) og udl\u00f8ber, n\u00e5r du lukker din browser.<\/li>\n\n\n\n<li><strong>Vedvarende cookies<\/strong>: Disse cookies forbliver p\u00e5 din enhed i en bestemt periode, eller indtil du sletter dem. De bruges til at huske dine pr\u00e6ferencer (f.eks. login-oplysninger) og genkende din enhed, n\u00e5r du vender tilbage.<\/li>\n\n\n\n<li><strong>Performance- og analysecookies<\/strong>: Disse cookies hj\u00e6lper os med at forst\u00e5, hvordan bes\u00f8gende interagerer med vores websted ved at give indsigt i bes\u00f8gte omr\u00e5der, tid brugt p\u00e5 webstedet og eventuelle problemer, som f.eks. fejlmeddelelser.<\/li>\n<\/ul>\n\n\n\n<p><strong>H\u00e5ndtering af cookies<\/strong><br>Du kan kontrollere og administrere cookies p\u00e5 forskellige m\u00e5der. Bem\u00e6rk, at sletning eller blokering af cookies kan p\u00e5virke din brugeroplevelse, og at nogle funktioner m\u00e5ske ikke l\u00e6ngere er tilg\u00e6ngelige. De fleste browsere accepterer cookies som standard, men du kan \u00e6ndre dine browserindstillinger, s\u00e5 de afviser cookies. For mere information om h\u00e5ndtering og sletning af cookies, bes\u00f8g <a href=\"https:\/\/aboutcookies.org\" target=\"_blank\" rel=\"noopener\">omcookies.org<\/a>.<\/p>\n\n\n\n<p><strong>Samtykke til cookies<\/strong><br>N\u00e5r du bruger vores hjemmeside, giver du dit samtykke til vores brug af cookies. Ved dit f\u00f8rste bes\u00f8g informerer et banner dig om brugen af cookies, og du har mulighed for at acceptere eller afvise dem. Hvis du forts\u00e6tter med at bruge vores websted efter denne meddelelse, accepterer du det.<\/p>\n\n\n\n<p><strong>Sikkerhed og privatliv<\/strong><br>Cookies indeholder generelt ikke personligt identificerbare oplysninger. De oplysninger, vi gemmer om dig, kan dog v\u00e6re knyttet til de data, der er indhentet fra cookies. Vi implementerer sikkerhedsforanstaltninger for at forhindre uautoriseret adgang til eller misbrug af dine lagrede data.<\/p>\n\n\n\n<p>Hvis du har sp\u00f8rgsm\u00e5l om vores brug af cookies eller yderligere oplysninger om vores cookiepolitik, bedes du kontakte os. Vi er forpligtet til gennemsigtighed i h\u00e5ndteringen af dine data og til at respektere dit privatliv.<\/p>\n\n\n\n<hr class=\"wp-block-separator has-alpha-channel-opacity\"\/>\n\n\n\n<h3 class=\"wp-block-heading\" id=\"article-8-age-of-consent\">Artikel 8 - Samtykkealder<\/h3>\n\n\n\n<p><strong>Alderskrav for samtykke<\/strong><br>Ved at bruge dette websted bekr\u00e6fter du, at du er myndig i den stat eller provins, hvor du bor, og at du har givet samtykke til, at eventuelle mindre\u00e5rige p\u00e5r\u00f8rende kan bruge dette websted. Den lovlige alder er defineret af lokal lovgivning og er typisk 18 eller 21 \u00e5r, afh\u00e6ngigt af jurisdiktionen.<\/p>\n\n\n\n<p><strong>Brug af webstedet af mindre\u00e5rige<\/strong><br>Hvis du er for\u00e6lder eller v\u00e6rge og bliver opm\u00e6rksom p\u00e5, at dit barn har givet personlige oplysninger uden dit samtykke, bedes du kontakte os. Hvis vi opdager, at en mindre\u00e5rig har givet personoplysninger uden for\u00e6ldrenes samtykke, vil vi tage skridt til at slette oplysningerne fra vores servere.<\/p>\n\n\n\n<p><strong>For\u00e6ldrenes ansvar<\/strong><br>Vi opfordrer for\u00e6ldre og v\u00e6rger til at overv\u00e5ge deres b\u00f8rns onlineaktivitet og vejlede dem i at navigere sikkert p\u00e5 internettet. Cosmoflag indsamler ikke bevidst personlige data fra mindre\u00e5rige uden for\u00e6ldres eller v\u00e6rges samtykke. Hvis du har mistanke om, at dit barn har delt personoplysninger med os, bedes du straks kontakte os.<\/p>\n\n\n\n<p><strong>For\u00e6ldresamtykke til onlinetjenester<\/strong><br>I overensstemmelse med g\u00e6ldende love kan for\u00e6ldre eller v\u00e6rger v\u00e6re forpligtet til at give samtykke til, at mindre\u00e5rige f\u00e5r adgang til visse onlinetjenester. Cosmoflag vil implementere procedurer for at validere brugernes alder og indhente for\u00e6ldresamtykke, f\u00f8r der indsamles personlige data, i overensstemmelse med lokale og internationale love om beskyttelse af b\u00f8rns privatliv.<\/p>\n\n\n\n<p><strong>Cosmoflags forpligtelse<\/strong><br>Cosmoflag er dedikeret til at beskytte alle brugeres, is\u00e6r b\u00f8rns, privatliv og sikkerhed. Vi tr\u00e6ffer strenge foranstaltninger for at sikre, at adgangen til vores websted og de oplysninger, vi indsamler, er passende for brugerens alder i henhold til g\u00e6ldende lovgivning.<\/p>\n\n\n\n<p>Kontakt os for at f\u00e5 flere oplysninger eller f\u00e5 svar p\u00e5 sp\u00f8rgsm\u00e5l om, hvordan vi h\u00e5ndterer mindre\u00e5riges data og samtykke. Vi er forpligtet til at samarbejde med for\u00e6ldre om at skabe et sikkert milj\u00f8 for unge brugere af vores websted.<\/p>\n\n\n\n<hr class=\"wp-block-separator has-alpha-channel-opacity\"\/>\n\n\n\n<h3 class=\"wp-block-heading\" id=\"article-9-changes-to-this-privacy-policy\">Artikel 9 - \u00c6ndringer af denne privatlivspolitik<\/h3>\n\n\n\n<p><strong>\u00c6ndringer og opdateringer<\/strong><br>Cosmoflag forbeholder sig ret til at opdatere eller \u00e6ndre denne privatlivspolitik til enhver tid uden forudg\u00e5ende varsel. \u00c6ndringer vil tr\u00e6de i kraft umiddelbart efter offentligg\u00f8relse p\u00e5 vores hjemmeside. Vi opfordrer dig til at gennemg\u00e5 denne side regelm\u00e6ssigt for at holde dig informeret om opdateringer.<\/p>\n\n\n\n<p><strong>Meddelelse om \u00e6ndringer<\/strong><br>Ved v\u00e6sentlige \u00e6ndringer af denne privatlivspolitik vil vi bestr\u00e6be os p\u00e5 at give dig besked via en fremtr\u00e6dende meddelelse p\u00e5 vores hjemmeside eller via e-mail, hvis du abonnerer p\u00e5 vores nyhedsbrev. Dette sikrer, at du altid er opm\u00e6rksom p\u00e5 de data, vi indsamler, hvordan de bruges, og under hvilke omst\u00e6ndigheder (hvis nogen) vi deler dem.<\/p>\n\n\n\n<p><strong>Konsekvenser af \u00e6ndringer<\/strong><br>\u00c6ndringer i vores privatlivspolitik kan p\u00e5virke, hvordan vi h\u00e5ndterer personlige data, der er leveret f\u00f8r \u00e6ndringsdatoen. Ved v\u00e6sentlige \u00e6ndringer kan vi anmode om fornyet samtykke til de opdaterede vilk\u00e5r, afh\u00e6ngigt af \u00e6ndringernes karakter.<\/p>\n\n\n\n<p><strong>Rettigheder og pligter<\/strong><br>Vores ret til at \u00e6ndre privatlivspolitikken er bundet af vores forpligtelse til at overholde love og etiske standarder inden for privatliv og databeskyttelse. \u00c6ndringer vil altid v\u00e6re i overensstemmelse med g\u00e6ldende lovgivning og vil ikke reducere dine rettigheder uden udtrykkeligt samtykke.<\/p>\n\n\n\n<p><strong>\u00c6ndre historie<\/strong><br>For at \u00f8ge gennemsigtigheden kan vi give en \u00e6ndringshistorik for denne privatlivspolitik for at hj\u00e6lpe dig med at spore opdateringer over tid. Det hj\u00e6lper dig til bedre at forst\u00e5, hvordan vi behandler personoplysninger, og hvordan vi l\u00f8bende forbedrer vores praksis for beskyttelse af personlige oplysninger.<\/p>\n\n\n\n<p><strong>Kontakt<\/strong><br>Hvis du har sp\u00f8rgsm\u00e5l eller bekymringer vedr\u00f8rende denne privatlivspolitik eller \u00e6ndringer heraf, kan du kontakte os p\u00e5 <strong><a>info@cosmoflag.com<\/a><\/strong>. Vi er forpligtet til at besvare dine foresp\u00f8rgsler og give de n\u00f8dvendige forklaringer om dine rettigheder og de personoplysninger, vi administrerer.<\/p>\n\n\n\n<hr class=\"wp-block-separator has-alpha-channel-opacity\"\/>\n\n\n\n<h3 class=\"wp-block-heading\" id=\"contact-information\">Kontaktoplysninger<\/h3>\n\n\n\n<p>Hvis du har sp\u00f8rgsm\u00e5l, har brug for mere information om vores privatlivspraksis eller har brug for hj\u00e6lp til dine personlige data, kan du kontakte vores kundeserviceteam:<\/p>\n\n\n\n<ul class=\"wp-block-list\">\n<li><strong>E-mail<\/strong>: Kontakt os n\u00e5r som helst p\u00e5 <strong><a>info@cosmoflag.com<\/a><\/strong> med eventuelle sp\u00f8rgsm\u00e5l eller bekymringer.<\/li>\n\n\n\n<li><strong>Postadresse<\/strong>: Du kan ogs\u00e5 skrive til os p\u00e5 den adresse, der er angivet i afsnittet \"Kontakt\" p\u00e5 vores hjemmeside.<\/li>\n\n\n\n<li><strong>Kontaktformular<\/strong>: Bes\u00f8g vores hjemmeside, og brug den tilg\u00e6ngelige kontaktformular til at sende dine sp\u00f8rgsm\u00e5l direkte til vores team.<\/li>\n<\/ul>\n\n\n\n<p>Vi forpligter os til straks at behandle alle anmodninger og yde den n\u00f8dvendige st\u00f8tte for at sikre din tilfredshed og beskyttelsen af dine personlige data.<\/p>","protected":false},"excerpt":{"rendered":"<p>Introduction to Cosmoflag&#8217;s Privacy Statement At Cosmoflag, we understand that protecting your privacy is essential, and we are committed to respecting it. As an online store dedicated to selling high-quality flags, we collect certain information to enhance your shopping experience while ensuring the security and confidentiality of your personal data. Our Privacy Statement explains how [&hellip;]<\/p>\n","protected":false},"author":1,"featured_media":0,"parent":0,"menu_order":0,"comment_status":"closed","ping_status":"closed","template":"","meta":{"_gspb_post_css":"","iawp_total_views":5,"footnotes":""},"class_list":["post-2559","page","type-page","status-publish","hentry"],"blocksy_meta":[],"_links":{"self":[{"href":"https:\/\/cosmoflag.com\/da\/wp-json\/wp\/v2\/pages\/2559","targetHints":{"allow":["GET"]}}],"collection":[{"href":"https:\/\/cosmoflag.com\/da\/wp-json\/wp\/v2\/pages"}],"about":[{"href":"https:\/\/cosmoflag.com\/da\/wp-json\/wp\/v2\/types\/page"}],"author":[{"embeddable":true,"href":"https:\/\/cosmoflag.com\/da\/wp-json\/wp\/v2\/users\/1"}],"replies":[{"embeddable":true,"href":"https:\/\/cosmoflag.com\/da\/wp-json\/wp\/v2\/comments?post=2559"}],"version-history":[{"count":0,"href":"https:\/\/cosmoflag.com\/da\/wp-json\/wp\/v2\/pages\/2559\/revisions"}],"wp:attachment":[{"href":"https:\/\/cosmoflag.com\/da\/wp-json\/wp\/v2\/media?parent=2559"}],"curies":[{"name":"wp","href":"https:\/\/api.w.org\/{rel}","templated":true}]}}