{"id":16,"date":"2024-05-22T13:40:16","date_gmt":"2024-05-22T13:40:16","guid":{"rendered":"https:\/\/startersites.io\/blocksy\/furniture\/?page_id=16"},"modified":"2025-01-26T20:23:02","modified_gmt":"2025-01-26T20:23:02","slug":"om-os","status":"publish","type":"page","link":"https:\/\/cosmoflag.com\/da\/om-os\/","title":{"rendered":"Om os"},"content":{"rendered":"<div class=\"wp-block-greenshift-blocks-row gspb_row gspb_row-id-gsbp-63ba5b3\" id=\"gspb_row-id-gsbp-63ba5b3\"><div class=\"gspb_row__content\"> \n<div class=\"wp-block-greenshift-blocks-row-column gspb_row__col--12 gspb_col-id-gsbp-184e5ba\" id=\"gspb_col-id-gsbp-184e5ba\">\n<div id=\"gspb_text-id-gsbp-d4d1a69\" class=\"gspb_text gspb_text-id-gsbp-d4d1a69\">Vores e-handelsbutik ligger i hjertet af Montpellier i Sydfrankrig og har i over tre \u00e5r givet n\u00e6ring til passionen for nationale, regionale, historiske og dekorative flag. Fra vores base p\u00e5 45 rue de la Libert\u00e9, 34000 Montpellier, fejrer vi det rige tapet af global arv og stolthed.<br><br>Hos Cosmoflag er vi drevet af en enkel, men dybtg\u00e5ende mission: at bygge bro mellem kulturer gennem det universelle symbol, som flag er. Vi mener, at hvert flag b\u00e6rer en fort\u00e6lling om identitet, historie og v\u00e6rdier, og derfor udv\u00e6lger vi omhyggeligt produkter, der repr\u00e6senterer essensen af nationer og deres folk.<br>Vores onlinebutik har en omfattende kollektion af flag i h\u00f8j kvalitet, der er designet til at v\u00e6re holdbare og modstandsdygtige, s\u00e5 de kan blive ved med at fort\u00e6lle deres historier i mange \u00e5r fremover.<br><br>Kundetilfredshed er kernen i alt, hvad vi g\u00f8r. Vores dedikerede kundeserviceteam er altid klar til at hj\u00e6lpe med eventuelle foresp\u00f8rgsler, guide dig gennem din k\u00f8bsproces eller l\u00f8se eventuelle problemer med dine ordrer. Du er velkommen til at kontakte os via vores onlineformular eller via e-mail p\u00e5 <a>contact@cosmoflag.com<\/a>. Vi er her hver dag for at sikre, at din oplevelse er lige s\u00e5 berigende som de flag, vi leverer.<br><br>G\u00e5 p\u00e5 opdagelse i vores onlinebutik, og fordyb dig i de farver, historier og traditioner, der g\u00f8r hvert flag til et unikt symbol p\u00e5 den nationale identitet.<br>Tak, fordi du er en del af vores rejse p\u00e5 Cosmoflag.<br><br>Varme hilsner, Cosmoflag-teamet<\/div>\n<\/div>\n <\/div><\/div>","protected":false},"excerpt":{"rendered":"","protected":false},"author":1,"featured_media":0,"parent":0,"menu_order":0,"comment_status":"closed","ping_status":"closed","template":"","meta":{"_gspb_post_css":"#gspb_row-id-gsbp-63ba5b3{justify-content:space-between;margin-top:0;margin-bottom:0;display:flex;flex-wrap:wrap}#gspb_row-id-gsbp-63ba5b3>.gspb_row__content{display:flex;justify-content:space-between;margin:0 auto;width:100%;flex-wrap:wrap}.gspb_row{position:relative}div[id^=gspb_col-id]{box-sizing:border-box;position:relative;padding:var(--gs-row-column-padding, 15px min(3vw, 20px))}body.gspb-bodyfront #gspb_row-id-gsbp-63ba5b3>.gspb_row__content{width:var(--theme-container-width, 1200px);max-width:var(--theme-normal-container-max-width, 1200px)}#gspb_col-id-gsbp-184e5ba.gspb_row__col--12{width:100%}@media (max-width:575.98px){#gspb_col-id-gsbp-184e5ba.gspb_row__col--12{width:100%}}","iawp_total_views":43,"footnotes":""},"class_list":["post-16","page","type-page","status-publish","hentry"],"blocksy_meta":{"has_hero_section":"default","vertical_spacing_source":"custom","content_area_spacing":"none","styles_descriptor":{"styles":{"desktop":"","tablet":"","mobile":""},"google_fonts":[],"version":6}},"_links":{"self":[{"href":"https:\/\/cosmoflag.com\/da\/wp-json\/wp\/v2\/pages\/16","targetHints":{"allow":["GET"]}}],"collection":[{"href":"https:\/\/cosmoflag.com\/da\/wp-json\/wp\/v2\/pages"}],"about":[{"href":"https:\/\/cosmoflag.com\/da\/wp-json\/wp\/v2\/types\/page"}],"author":[{"embeddable":true,"href":"https:\/\/cosmoflag.com\/da\/wp-json\/wp\/v2\/users\/1"}],"replies":[{"embeddable":true,"href":"https:\/\/cosmoflag.com\/da\/wp-json\/wp\/v2\/comments?post=16"}],"version-history":[{"count":0,"href":"https:\/\/cosmoflag.com\/da\/wp-json\/wp\/v2\/pages\/16\/revisions"}],"wp:attachment":[{"href":"https:\/\/cosmoflag.com\/da\/wp-json\/wp\/v2\/media?parent=16"}],"curies":[{"name":"wp","href":"https:\/\/api.w.org\/{rel}","templated":true}]}}